{"id":9,"date":"2022-11-23T16:43:49","date_gmt":"2022-11-23T15:43:49","guid":{"rendered":"https:\/\/simplyq.nl\/?page_id=9"},"modified":"2022-11-23T21:04:33","modified_gmt":"2022-11-23T20:04:33","slug":"hoofdpagina","status":"publish","type":"page","link":"https:\/\/simplyq.nl\/?page_id=9","title":{"rendered":"Hoofdpagina"},"content":{"rendered":"\t\t<div data-elementor-type=\"wp-page\" data-elementor-id=\"9\" class=\"elementor elementor-9\">\n\t\t\t\t\t\t<section class=\"elementor-section elementor-top-section elementor-element elementor-element-a746df1 elementor-section-full_width elementor-section-height-default elementor-section-height-default\" data-id=\"a746df1\" data-element_type=\"section\" data-e-type=\"section\" data-settings=\"{&quot;background_background&quot;:&quot;classic&quot;}\">\n\t\t\t\t\t\t<div class=\"elementor-container elementor-column-gap-default\">\n\t\t\t\t\t<div class=\"elementor-column elementor-col-100 elementor-top-column elementor-element elementor-element-5ceb434\" data-id=\"5ceb434\" data-element_type=\"column\" data-e-type=\"column\">\n\t\t\t<div class=\"elementor-widget-wrap elementor-element-populated\">\n\t\t\t\t\t\t<div class=\"elementor-element elementor-element-e545dcc elementor-widget elementor-widget-image\" data-id=\"e545dcc\" data-element_type=\"widget\" data-e-type=\"widget\" data-widget_type=\"image.default\">\n\t\t\t\t<div class=\"elementor-widget-container\">\n\t\t\t\t\t\t\t\t\t\t\t\t\t\t\t<img fetchpriority=\"high\" decoding=\"async\" width=\"300\" height=\"172\" src=\"https:\/\/simplyq.nl\/wp-content\/uploads\/2022\/11\/Color-logo-with-background-300x172.png\" class=\"attachment-medium size-medium wp-image-21\" alt=\"\" srcset=\"https:\/\/simplyq.nl\/wp-content\/uploads\/2022\/11\/Color-logo-with-background-300x172.png 300w, https:\/\/simplyq.nl\/wp-content\/uploads\/2022\/11\/Color-logo-with-background-1024x588.png 1024w, https:\/\/simplyq.nl\/wp-content\/uploads\/2022\/11\/Color-logo-with-background-768x441.png 768w, https:\/\/simplyq.nl\/wp-content\/uploads\/2022\/11\/Color-logo-with-background-1536x883.png 1536w, https:\/\/simplyq.nl\/wp-content\/uploads\/2022\/11\/Color-logo-with-background-2048x1177.png 2048w\" sizes=\"(max-width: 300px) 100vw, 300px\" \/>\t\t\t\t\t\t\t\t\t\t\t\t\t\t\t<\/div>\n\t\t\t\t<\/div>\n\t\t\t\t<div class=\"elementor-element elementor-element-5e90f58 elementor-widget elementor-widget-text-editor\" data-id=\"5e90f58\" data-element_type=\"widget\" data-e-type=\"widget\" data-widget_type=\"text-editor.default\">\n\t\t\t\t<div class=\"elementor-widget-container\">\n\t\t\t\t\t\t\t\t\tWelkom bij SimplyQ, h\u00e9t digitale kwaliteitsmanagement system voor het MKB.\t\t\t\t\t\t\t\t<\/div>\n\t\t\t\t<\/div>\n\t\t\t\t<div class=\"elementor-element elementor-element-b5d9729 elementor-widget elementor-widget-text-editor\" data-id=\"b5d9729\" data-element_type=\"widget\" data-e-type=\"widget\" data-widget_type=\"text-editor.default\">\n\t\t\t\t<div class=\"elementor-widget-container\">\n\t\t\t\t\t\t\t\t\tMet SimplyQ is kwaliteitsmanagement nog nooit zo simpel geweest. Niet langer ontelbare kwaliteitsdocumenten en bestanden los opgeslagen maar \u00e9\u00e9n compact systeem waarin alles samenkomt.\t\t\t\t\t\t\t\t<\/div>\n\t\t\t\t<\/div>\n\t\t\t\t<div class=\"elementor-element elementor-element-ecc7865 elementor-widget elementor-widget-image\" data-id=\"ecc7865\" data-element_type=\"widget\" data-e-type=\"widget\" data-widget_type=\"image.default\">\n\t\t\t\t<div class=\"elementor-widget-container\">\n\t\t\t\t\t\t\t\t\t\t\t\t\t\t\t<img decoding=\"async\" src=\"https:\/\/simplyq.nl\/wp-content\/uploads\/2022\/11\/Afbeelding5.png\" title=\"Afbeelding5\" alt=\"Afbeelding5\" loading=\"lazy\" \/>\t\t\t\t\t\t\t\t\t\t\t\t\t\t\t<\/div>\n\t\t\t\t<\/div>\n\t\t\t\t<div class=\"elementor-element elementor-element-7bc2d3c elementor-widget elementor-widget-text-editor\" data-id=\"7bc2d3c\" data-element_type=\"widget\" data-e-type=\"widget\" data-widget_type=\"text-editor.default\">\n\t\t\t\t<div class=\"elementor-widget-container\">\n\t\t\t\t\t\t\t\t\t<p>Door alle formulieren, documenten en benodigdheden voor uw kwaliteitsmanagementsysteem te combineren in \u00e9\u00e9n digitale omgeving bespaart u tijd en geld die op andere plekken ge\u00efnvesteerd kunnen worden.<\/p><p>SimplyQ kan gebruikt worden op uw telefoon waardoor u waar dan ook bij uw kwaliteitssysteem kunt.<\/p>\t\t\t\t\t\t\t\t<\/div>\n\t\t\t\t<\/div>\n\t\t\t\t<div class=\"elementor-element elementor-element-12c8e48 elementor-widget elementor-widget-image\" data-id=\"12c8e48\" data-element_type=\"widget\" data-e-type=\"widget\" data-widget_type=\"image.default\">\n\t\t\t\t<div class=\"elementor-widget-container\">\n\t\t\t\t\t\t\t\t\t\t\t\t\t\t\t<img decoding=\"async\" width=\"264\" height=\"453\" src=\"https:\/\/simplyq.nl\/wp-content\/uploads\/2022\/11\/Afbeelding2.jpg\" class=\"attachment-large size-large wp-image-23\" alt=\"\" srcset=\"https:\/\/simplyq.nl\/wp-content\/uploads\/2022\/11\/Afbeelding2.jpg 264w, https:\/\/simplyq.nl\/wp-content\/uploads\/2022\/11\/Afbeelding2-175x300.jpg 175w\" sizes=\"(max-width: 264px) 100vw, 264px\" \/>\t\t\t\t\t\t\t\t\t\t\t\t\t\t\t<\/div>\n\t\t\t\t<\/div>\n\t\t\t\t<div class=\"elementor-element elementor-element-9eb0a6f elementor-widget elementor-widget-text-editor\" data-id=\"9eb0a6f\" data-element_type=\"widget\" data-e-type=\"widget\" data-widget_type=\"text-editor.default\">\n\t\t\t\t<div class=\"elementor-widget-container\">\n\t\t\t\t\t\t\t\t\t<p class=\"MsoNormal\">\u00e9\u00e9n van de vele mogelijkheden van SimplyQ is het inplannen en het notuleren van vergaderingen binnen uw team. Hierdoor worden alle vergadermomenten en notulen automatisch gearchiveerd en toonbaar voor tijdens de audit.<\/p>\n<p><\/p>\n<p class=\"MsoNormal\">Documentbeheer is nog nooit zo Simpel geweest als nu, upload uw bestanden in de omgeving en bepaal zelf wie het bestand in mag zien!&nbsp;<\/p>\t\t\t\t\t\t\t\t<\/div>\n\t\t\t\t<\/div>\n\t\t\t\t<div class=\"elementor-element elementor-element-3f13d61 elementor-widget elementor-widget-image\" data-id=\"3f13d61\" data-element_type=\"widget\" data-e-type=\"widget\" data-widget_type=\"image.default\">\n\t\t\t\t<div class=\"elementor-widget-container\">\n\t\t\t\t\t\t\t\t\t\t\t\t\t\t\t<img decoding=\"async\" width=\"352\" height=\"462\" src=\"https:\/\/simplyq.nl\/wp-content\/uploads\/2022\/11\/Afbeelding3.png\" class=\"attachment-large size-large wp-image-24\" alt=\"\" srcset=\"https:\/\/simplyq.nl\/wp-content\/uploads\/2022\/11\/Afbeelding3.png 352w, https:\/\/simplyq.nl\/wp-content\/uploads\/2022\/11\/Afbeelding3-229x300.png 229w\" sizes=\"(max-width: 352px) 100vw, 352px\" \/>\t\t\t\t\t\t\t\t\t\t\t\t\t\t\t<\/div>\n\t\t\t\t<\/div>\n\t\t\t\t<div class=\"elementor-element elementor-element-501e3ca elementor-widget elementor-widget-text-editor\" data-id=\"501e3ca\" data-element_type=\"widget\" data-e-type=\"widget\" data-widget_type=\"text-editor.default\">\n\t\t\t\t<div class=\"elementor-widget-container\">\n\t\t\t\t\t\t\t\t\tMet SimplyQ heb je altijd inzicht in openstaande acties voor de organisatie en kun je deze monitoren, zo vergeet je nooit meer wat er te doen is. Het voorkomt dat je vlak voor de audit veel tijd kwijt bent aan herstelwerkzaamheden. Maakt kwaliteitsmanagement een Tool, niet een doel.\t\t\t\t\t\t\t\t<\/div>\n\t\t\t\t<\/div>\n\t\t\t\t<div class=\"elementor-element elementor-element-f360072 elementor-widget elementor-widget-image\" data-id=\"f360072\" data-element_type=\"widget\" data-e-type=\"widget\" data-widget_type=\"image.default\">\n\t\t\t\t<div class=\"elementor-widget-container\">\n\t\t\t\t\t\t\t\t\t\t\t\t\t\t\t<img loading=\"lazy\" decoding=\"async\" width=\"580\" height=\"108\" src=\"https:\/\/simplyq.nl\/wp-content\/uploads\/2022\/11\/Afbeelding4.png\" class=\"attachment-large size-large wp-image-25\" alt=\"\" srcset=\"https:\/\/simplyq.nl\/wp-content\/uploads\/2022\/11\/Afbeelding4.png 605w, https:\/\/simplyq.nl\/wp-content\/uploads\/2022\/11\/Afbeelding4-300x56.png 300w\" sizes=\"(max-width: 580px) 100vw, 580px\" \/>\t\t\t\t\t\t\t\t\t\t\t\t\t\t\t<\/div>\n\t\t\t\t<\/div>\n\t\t\t\t<div class=\"elementor-element elementor-element-90cf6ef elementor-widget elementor-widget-text-editor\" data-id=\"90cf6ef\" data-element_type=\"widget\" data-e-type=\"widget\" data-widget_type=\"text-editor.default\">\n\t\t\t\t<div class=\"elementor-widget-container\">\n\t\t\t\t\t\t\t\t\t<p>En SimplyQ is volledig aan te passen naar uw wensen! Extra functionaliteit, specifieke formulieren of processen die uw organisatie kent kunnen allemaal opgebouwd worden door ons team.<\/p><p>Dus wilt u tijd en geld besparen door uw kwaliteit te versimpelen? Neem dan contact met ons op met het formulier hier onder!<\/p>\t\t\t\t\t\t\t\t<\/div>\n\t\t\t\t<\/div>\n\t\t\t\t<section class=\"elementor-section elementor-inner-section elementor-element elementor-element-f0133cb elementor-section-boxed elementor-section-height-default elementor-section-height-default\" data-id=\"f0133cb\" data-element_type=\"section\" data-e-type=\"section\">\n\t\t\t\t\t\t<div class=\"elementor-container elementor-column-gap-default\">\n\t\t\t\t\t<div class=\"elementor-column elementor-col-50 elementor-inner-column elementor-element elementor-element-634bfb4\" data-id=\"634bfb4\" data-element_type=\"column\" data-e-type=\"column\">\n\t\t\t<div class=\"elementor-widget-wrap\">\n\t\t\t\t\t\t\t<\/div>\n\t\t<\/div>\n\t\t\t\t<div class=\"elementor-column elementor-col-50 elementor-inner-column elementor-element elementor-element-6f99b60\" data-id=\"6f99b60\" data-element_type=\"column\" data-e-type=\"column\">\n\t\t\t<div class=\"elementor-widget-wrap elementor-element-populated\">\n\t\t\t\t\t\t<div class=\"elementor-element elementor-element-7a50083 elementor-widget elementor-widget-wpforms\" data-id=\"7a50083\" data-element_type=\"widget\" data-e-type=\"widget\" data-widget_type=\"wpforms.default\">\n\t\t\t\t<div class=\"elementor-widget-container\">\n\t\t\t\t\t<div class=\"wpforms-container wpforms-container-full\" id=\"wpforms-31\"><form id=\"wpforms-form-31\" class=\"wpforms-validate wpforms-form wpforms-ajax-form\" data-formid=\"31\" method=\"post\" enctype=\"multipart\/form-data\" action=\"\/index.php?rest_route=%2Fwp%2Fv2%2Fpages%2F9\" data-token=\"6faeb9431bc05826ad2a44dcd4ae9c32\" data-token-time=\"1778845349\"><noscript class=\"wpforms-error-noscript\">Schakel JavaScript in je browser in om dit formulier in te vullen.<\/noscript><div class=\"wpforms-field-container\"><div id=\"wpforms-31-field_2-container\" class=\"wpforms-field wpforms-field-name\" data-field-id=\"2\"><label class=\"wpforms-field-label\">Naam <span class=\"wpforms-required-label\">*<\/span><\/label><div class=\"wpforms-field-row wpforms-field-medium\"><div class=\"wpforms-field-row-block wpforms-first wpforms-one-half\"><input type=\"text\" id=\"wpforms-31-field_2\" class=\"wpforms-field-name-first wpforms-field-required\" name=\"wpforms[fields][2][first]\" required><label for=\"wpforms-31-field_2\" class=\"wpforms-field-sublabel after\">Voornaam<\/label><\/div><div class=\"wpforms-field-row-block wpforms-one-half\"><input type=\"text\" id=\"wpforms-31-field_2-last\" class=\"wpforms-field-name-last wpforms-field-required\" name=\"wpforms[fields][2][last]\" required><label for=\"wpforms-31-field_2-last\" class=\"wpforms-field-sublabel after\">Achternaam<\/label><\/div><\/div><\/div><div id=\"wpforms-31-field_3-container\" class=\"wpforms-field wpforms-field-email\" data-field-id=\"3\"><label class=\"wpforms-field-label\" for=\"wpforms-31-field_3\">E-mail <span class=\"wpforms-required-label\">*<\/span><\/label><input type=\"email\" id=\"wpforms-31-field_3\" class=\"wpforms-field-medium wpforms-field-required\" name=\"wpforms[fields][3]\" spellcheck=\"false\" required><\/div><div id=\"wpforms-31-field_4-container\" class=\"wpforms-field wpforms-field-number\" data-field-id=\"4\"><label class=\"wpforms-field-label\" for=\"wpforms-31-field_4\">Telefoonnummer <span class=\"wpforms-required-label\">*<\/span><\/label><input type=\"number\" id=\"wpforms-31-field_4\" class=\"wpforms-field-medium wpforms-field-required\" name=\"wpforms[fields][4]\" placeholder=\"06\" step=\"any\" required><\/div><div id=\"wpforms-31-field_5-container\" class=\"wpforms-field wpforms-field-text\" data-field-id=\"5\"><label class=\"wpforms-field-label\" for=\"wpforms-31-field_5\">Bedrijfsnaam <span class=\"wpforms-required-label\">*<\/span><\/label><input type=\"text\" id=\"wpforms-31-field_5\" class=\"wpforms-field-medium wpforms-field-required\" name=\"wpforms[fields][5]\" required><\/div><div id=\"wpforms-31-field_6-container\" class=\"wpforms-field wpforms-field-number-slider\" data-field-id=\"6\"><label class=\"wpforms-field-label\" for=\"wpforms-31-field_6\">Aantal medewerkers<\/label>\n<input\n\ttype=\"range\"\n\tid=\"wpforms-31-field_6\" class=\"wpforms-field-medium\" name=\"wpforms[fields][6]\" value=\"0\"\t\tmin=\"0\"\n\tmax=\"1000\"\n\tstep=\"1\">\n\n<div class=\"wpforms-field-number-slider-hint\"\n\tdata-hint=\"Geselecteerde waarde: {value}\">\n\tGeselecteerde waarde: <b>0<\/b><\/div>\n<\/div><div id=\"wpforms-31-field_7-container\" class=\"wpforms-field wpforms-field-radio\" data-field-id=\"7\"><label class=\"wpforms-field-label\">Uw (beoogde) certificaat <span class=\"wpforms-required-label\">*<\/span><\/label><ul id=\"wpforms-31-field_7\" class=\"wpforms-field-required\"><li class=\"choice-1 depth-1 wpforms-selected\"><input type=\"radio\" id=\"wpforms-31-field_7_1\" name=\"wpforms[fields][7]\" value=\"HKZ Kleine organisaties\" required  checked='checked'><label class=\"wpforms-field-label-inline\" for=\"wpforms-31-field_7_1\">HKZ Kleine organisaties<\/label><\/li><li class=\"choice-2 depth-1\"><input type=\"radio\" id=\"wpforms-31-field_7_2\" name=\"wpforms[fields][7]\" value=\"ISO 9001\" required ><label class=\"wpforms-field-label-inline\" for=\"wpforms-31-field_7_2\">ISO 9001<\/label><\/li><li class=\"choice-3 depth-1\"><input type=\"radio\" id=\"wpforms-31-field_7_3\" name=\"wpforms[fields][7]\" value=\"NEN 7510:2017\" required ><label class=\"wpforms-field-label-inline\" for=\"wpforms-31-field_7_3\">NEN 7510:2017<\/label><\/li><\/ul><\/div><\/div><!-- .wpforms-field-container --><div class=\"wpforms-recaptcha-container wpforms-is-recaptcha wpforms-is-recaptcha-type-v2\" ><div class=\"g-recaptcha\" data-sitekey=\"6LfPzywjAAAAAEJo2KUVMAFFITsWeMZIDVN4rAts\"><\/div><input type=\"text\" name=\"g-recaptcha-hidden\" class=\"wpforms-recaptcha-hidden\" style=\"position:absolute!important;clip:rect(0,0,0,0)!important;height:1px!important;width:1px!important;border:0!important;overflow:hidden!important;padding:0!important;margin:0!important;\" data-rule-recaptcha=\"1\"><\/div><div class=\"wpforms-submit-container\" ><input type=\"hidden\" name=\"wpforms[id]\" value=\"31\"><input type=\"hidden\" name=\"page_title\" value=\"\"><input type=\"hidden\" name=\"page_url\" value=\"https:\/\/simplyq.nl\/index.php?rest_route=\/wp\/v2\/pages\/9\"><input type=\"hidden\" name=\"url_referer\" value=\"\"><button type=\"submit\" name=\"wpforms[submit]\" id=\"wpforms-submit-31\" class=\"wpforms-submit\" data-alt-text=\"Verzenden...\" data-submit-text=\"Neem contact op!\" aria-live=\"assertive\" value=\"wpforms-submit\">Neem contact op!<\/button><img loading=\"lazy\" decoding=\"async\" src=\"https:\/\/simplyq.nl\/wp-content\/plugins\/wpforms-lite\/assets\/images\/submit-spin.svg\" class=\"wpforms-submit-spinner\" style=\"display: none;\" width=\"26\" height=\"26\" alt=\"Aan het laden\"><\/div><\/form><\/div>  <!-- .wpforms-container -->\t\t\t\t<\/div>\n\t\t\t\t<\/div>\n\t\t\t\t\t<\/div>\n\t\t<\/div>\n\t\t\t\t\t<\/div>\n\t\t<\/section>\n\t\t\t\t\t<\/div>\n\t\t<\/div>\n\t\t\t\t\t<\/div>\n\t\t<\/section>\n\t\t\t\t<\/div>\n\t\t","protected":false},"excerpt":{"rendered":"<p>Welkom bij SimplyQ, h\u00e9t digitale kwaliteitsmanagement system voor het MKB.Met SimplyQ is kwaliteitsmanagement nog nooit zo simpel geweest. Niet langer ontelbare kwaliteitsdocumenten en bestanden los opgeslagen maar \u00e9\u00e9n compact systeem waarin alles samenkomt. Door alle formulieren, documenten en benodigdheden voor uw kwaliteitsmanagementsysteem te combineren in \u00e9\u00e9n digitale omgeving bespaart u tijd en geld die op [&hellip;]<\/p>\n","protected":false},"author":2,"featured_media":0,"parent":0,"menu_order":0,"comment_status":"closed","ping_status":"closed","template":"elementor_canvas","meta":{"footnotes":""},"class_list":["post-9","page","type-page","status-publish","hentry"],"_links":{"self":[{"href":"https:\/\/simplyq.nl\/index.php?rest_route=\/wp\/v2\/pages\/9","targetHints":{"allow":["GET"]}}],"collection":[{"href":"https:\/\/simplyq.nl\/index.php?rest_route=\/wp\/v2\/pages"}],"about":[{"href":"https:\/\/simplyq.nl\/index.php?rest_route=\/wp\/v2\/types\/page"}],"author":[{"embeddable":true,"href":"https:\/\/simplyq.nl\/index.php?rest_route=\/wp\/v2\/users\/2"}],"replies":[{"embeddable":true,"href":"https:\/\/simplyq.nl\/index.php?rest_route=%2Fwp%2Fv2%2Fcomments&post=9"}],"version-history":[{"count":13,"href":"https:\/\/simplyq.nl\/index.php?rest_route=\/wp\/v2\/pages\/9\/revisions"}],"predecessor-version":[{"id":42,"href":"https:\/\/simplyq.nl\/index.php?rest_route=\/wp\/v2\/pages\/9\/revisions\/42"}],"wp:attachment":[{"href":"https:\/\/simplyq.nl\/index.php?rest_route=%2Fwp%2Fv2%2Fmedia&parent=9"}],"curies":[{"name":"wp","href":"https:\/\/api.w.org\/{rel}","templated":true}]}}